{"id":5094,"date":"2020-10-02T15:13:35","date_gmt":"2020-10-02T13:13:35","guid":{"rendered":"http:\/\/dev.agencedes3freres.com\/?page_id=5094"},"modified":"2025-09-09T15:08:55","modified_gmt":"2025-09-09T13:08:55","slug":"qui-sommes-nous-2","status":"publish","type":"page","link":"https:\/\/agencedes3freres.com\/qui-sommes-nous-2\/","title":{"rendered":"Qui sommes nous?"},"content":{"rendered":"\t\t<div data-elementor-type=\"wp-page\" data-elementor-id=\"5094\" class=\"elementor elementor-5094\" data-elementor-post-type=\"page\">\n\t\t\t\t\t\t<section class=\"elementor-section elementor-top-section elementor-element elementor-element-65599410 elementor-section-boxed elementor-section-height-default elementor-section-height-default\" data-id=\"65599410\" data-element_type=\"section\" data-e-type=\"section\">\n\t\t\t\t\t\t<div class=\"elementor-container elementor-column-gap-default\">\n\t\t\t\t\t<div class=\"elementor-column elementor-col-100 elementor-top-column elementor-element elementor-element-1db6b50b\" data-id=\"1db6b50b\" data-element_type=\"column\" data-e-type=\"column\">\n\t\t\t<div class=\"elementor-widget-wrap elementor-element-populated\">\n\t\t\t\t\t\t\t<\/div>\n\t\t<\/div>\n\t\t\t\t\t<\/div>\n\t\t<\/section>\n\t\t\t\t<section class=\"elementor-section elementor-top-section elementor-element elementor-element-461a691 elementor-section-boxed elementor-section-height-default elementor-section-height-default\" data-id=\"461a691\" data-element_type=\"section\" data-e-type=\"section\">\n\t\t\t\t\t\t<div class=\"elementor-container elementor-column-gap-default\">\n\t\t\t\t\t<div class=\"elementor-column elementor-col-100 elementor-top-column elementor-element elementor-element-37df68e\" data-id=\"37df68e\" data-element_type=\"column\" data-e-type=\"column\">\n\t\t\t<div class=\"elementor-widget-wrap elementor-element-populated\">\n\t\t\t\t\t\t<div class=\"elementor-element elementor-element-0066193 elementor-widget elementor-widget-image\" data-id=\"0066193\" data-element_type=\"widget\" data-e-type=\"widget\" data-widget_type=\"image.default\">\n\t\t\t\t<div class=\"elementor-widget-container\">\n\t\t\t\t\t\t\t\t\t\t\t\t\t\t\t<img fetchpriority=\"high\" decoding=\"async\" width=\"300\" height=\"300\" src=\"https:\/\/agencedes3freres.com\/wp-content\/uploads\/2025\/09\/Brand_AD3F_Prim_Beige_Bleu-300x300.png?v=1757421380\" class=\"attachment-medium size-medium wp-image-21714\" alt=\"\" srcset=\"https:\/\/agencedes3freres.com\/wp-content\/uploads\/2025\/09\/Brand_AD3F_Prim_Beige_Bleu-300x300.png?v=1757421380 300w, https:\/\/agencedes3freres.com\/wp-content\/uploads\/2025\/09\/Brand_AD3F_Prim_Beige_Bleu-1024x1024.png?v=1757421380 1024w, https:\/\/agencedes3freres.com\/wp-content\/uploads\/2025\/09\/Brand_AD3F_Prim_Beige_Bleu-150x150.png?v=1757421380 150w, https:\/\/agencedes3freres.com\/wp-content\/uploads\/2025\/09\/Brand_AD3F_Prim_Beige_Bleu-768x768.png?v=1757421380 768w, https:\/\/agencedes3freres.com\/wp-content\/uploads\/2025\/09\/Brand_AD3F_Prim_Beige_Bleu-210x210.png?v=1757421380 210w, https:\/\/agencedes3freres.com\/wp-content\/uploads\/2025\/09\/Brand_AD3F_Prim_Beige_Bleu.png?v=1757421380 1182w\" sizes=\"(max-width: 300px) 100vw, 300px\" \/>\t\t\t\t\t\t\t\t\t\t\t\t\t\t\t<\/div>\n\t\t\t\t<\/div>\n\t\t\t\t<div class=\"elementor-element elementor-element-772189a elementor-widget elementor-widget-heading\" data-id=\"772189a\" data-element_type=\"widget\" data-e-type=\"widget\" data-widget_type=\"heading.default\">\n\t\t\t\t<div class=\"elementor-widget-container\">\n\t\t\t\t\t<h1 class=\"elementor-heading-title elementor-size-default\">l'Agence<\/h1>\t\t\t\t<\/div>\n\t\t\t\t<\/div>\n\t\t\t\t\t<\/div>\n\t\t<\/div>\n\t\t\t\t\t<\/div>\n\t\t<\/section>\n\t\t\t\t<section class=\"elementor-section elementor-top-section elementor-element elementor-element-61a48e9 elementor-section-boxed elementor-section-height-default elementor-section-height-default\" data-id=\"61a48e9\" data-element_type=\"section\" data-e-type=\"section\">\n\t\t\t\t\t\t<div class=\"elementor-container elementor-column-gap-default\">\n\t\t\t\t\t<div class=\"elementor-column elementor-col-50 elementor-top-column elementor-element elementor-element-e55f302\" data-id=\"e55f302\" data-element_type=\"column\" data-e-type=\"column\">\n\t\t\t<div class=\"elementor-widget-wrap elementor-element-populated\">\n\t\t\t\t\t\t<div class=\"elementor-element elementor-element-8c4bb50 elementor-widget elementor-widget-image\" data-id=\"8c4bb50\" data-element_type=\"widget\" data-e-type=\"widget\" data-widget_type=\"image.default\">\n\t\t\t\t<div class=\"elementor-widget-container\">\n\t\t\t\t\t\t\t\t\t\t\t\t\t\t\t<img decoding=\"async\" src=\"https:\/\/agencedes3freres.com\/wp-content\/uploads\/elementor\/thumbs\/1-ownx5oevdglpy7a4whvwx4mk4zwbad2ndhnsed8dl8.png\" title=\"\" alt=\"\" loading=\"lazy\" \/>\t\t\t\t\t\t\t\t\t\t\t\t\t\t\t<\/div>\n\t\t\t\t<\/div>\n\t\t\t\t<div class=\"elementor-element elementor-element-e80a557 elementor-widget elementor-widget-text-editor\" data-id=\"e80a557\" data-element_type=\"widget\" data-e-type=\"widget\" data-widget_type=\"text-editor.default\">\n\t\t\t\t<div class=\"elementor-widget-container\">\n\t\t\t\t\t\t\t\t\t<h3 style=\"text-align: center;\">Eric Manseau<br \/><strong><span style=\"color: #000000;\">06 63 03 64 54<\/span><\/strong><\/h3>\t\t\t\t\t\t\t\t<\/div>\n\t\t\t\t<\/div>\n\t\t\t\t\t<\/div>\n\t\t<\/div>\n\t\t\t\t<div class=\"elementor-column elementor-col-50 elementor-top-column elementor-element elementor-element-d5e4538\" data-id=\"d5e4538\" data-element_type=\"column\" data-e-type=\"column\">\n\t\t\t<div class=\"elementor-widget-wrap elementor-element-populated\">\n\t\t\t\t\t\t<div class=\"elementor-element elementor-element-daefca6 elementor-widget elementor-widget-image\" data-id=\"daefca6\" data-element_type=\"widget\" data-e-type=\"widget\" data-widget_type=\"image.default\">\n\t\t\t\t<div class=\"elementor-widget-container\">\n\t\t\t\t\t\t\t\t\t\t\t\t\t\t\t<img decoding=\"async\" src=\"https:\/\/agencedes3freres.com\/wp-content\/uploads\/elementor\/thumbs\/2-ownx6gm12hobmi56bu2pzxidyk1bpa6lhd8cso2kfe.png\" title=\"2\" alt=\"2\" loading=\"lazy\" \/>\t\t\t\t\t\t\t\t\t\t\t\t\t\t\t<\/div>\n\t\t\t\t<\/div>\n\t\t\t\t<div class=\"elementor-element elementor-element-0d8cd10 elementor-widget elementor-widget-text-editor\" data-id=\"0d8cd10\" data-element_type=\"widget\" data-e-type=\"widget\" data-widget_type=\"text-editor.default\">\n\t\t\t\t<div class=\"elementor-widget-container\">\n\t\t\t\t\t\t\t\t\t<h3 style=\"text-align: center;\"><strong>Jean-Laurent Devaux<\/strong><br \/><strong><span style=\"color: #000000;\">06 60 83 19 73<\/span><\/strong><\/h3>\t\t\t\t\t\t\t\t<\/div>\n\t\t\t\t<\/div>\n\t\t\t\t\t<\/div>\n\t\t<\/div>\n\t\t\t\t\t<\/div>\n\t\t<\/section>\n\t\t\t\t<section class=\"elementor-section elementor-top-section elementor-element elementor-element-abfff89 elementor-section-boxed elementor-section-height-default elementor-section-height-default\" data-id=\"abfff89\" data-element_type=\"section\" data-e-type=\"section\">\n\t\t\t\t\t\t<div class=\"elementor-container elementor-column-gap-default\">\n\t\t\t\t\t<div class=\"elementor-column elementor-col-100 elementor-top-column elementor-element elementor-element-76759a7\" data-id=\"76759a7\" data-element_type=\"column\" data-e-type=\"column\">\n\t\t\t<div class=\"elementor-widget-wrap elementor-element-populated\">\n\t\t\t\t\t\t<div class=\"elementor-element elementor-element-007db8c elementor-widget elementor-widget-text-editor\" data-id=\"007db8c\" data-element_type=\"widget\" data-e-type=\"widget\" data-widget_type=\"text-editor.default\">\n\t\t\t\t<div class=\"elementor-widget-container\">\n\t\t\t\t\t\t\t\t\t<p><\/p>\n<p class=\"has-text-align-center\">Nous sommes deux associ\u00e9s fils et petit-fils de commer\u00e7ant de quartier, amoureux de Montmartre et des gens qui l\u2019animent c\u2019est donc naturellement que nous avons choisi le quartier des Abbesses il y a plus de 15 ans pour y installer notre agence que nous avons souhait\u00e9 ind\u00e9pendante pour rester humaine et en phase avec son esprit village.<\/p>\n<p><\/p>\n<p class=\"has-text-align-center\">C\u2019est avec un plaisir chaque jour renouvel\u00e9 que nous repr\u00e9sentons nos clients dans leurs transactions immobili\u00e8res et mettons \u00e0 leur disposition notre expertise professionnelle et notre connaissance de Montmartre.<\/p>\n<p><\/p>\t\t\t\t\t\t\t\t<\/div>\n\t\t\t\t<\/div>\n\t\t\t\t\t<\/div>\n\t\t<\/div>\n\t\t\t\t\t<\/div>\n\t\t<\/section>\n\t\t\t\t<section class=\"elementor-section elementor-top-section elementor-element elementor-element-2639920 elementor-section-boxed elementor-section-height-default elementor-section-height-default\" data-id=\"2639920\" data-element_type=\"section\" data-e-type=\"section\">\n\t\t\t\t\t\t<div class=\"elementor-container elementor-column-gap-default\">\n\t\t\t\t\t<div class=\"elementor-column elementor-col-100 elementor-top-column elementor-element elementor-element-a79faa3\" data-id=\"a79faa3\" data-element_type=\"column\" data-e-type=\"column\">\n\t\t\t<div class=\"elementor-widget-wrap elementor-element-populated\">\n\t\t\t\t\t\t<div class=\"elementor-element elementor-element-8b5b2ae elementor-widget elementor-widget-image\" data-id=\"8b5b2ae\" data-element_type=\"widget\" data-e-type=\"widget\" data-widget_type=\"image.default\">\n\t\t\t\t<div class=\"elementor-widget-container\">\n\t\t\t\t\t\t\t\t\t\t\t\t\t\t\t<img decoding=\"async\" width=\"646\" height=\"218\" src=\"https:\/\/agencedes3freres.com\/wp-content\/uploads\/2020\/09\/montageAD3F.png\" class=\"attachment-full size-full wp-image-4971\" alt=\"\" srcset=\"https:\/\/agencedes3freres.com\/wp-content\/uploads\/2020\/09\/montageAD3F.png 646w, https:\/\/agencedes3freres.com\/wp-content\/uploads\/2020\/09\/montageAD3F-300x101.png 300w, https:\/\/agencedes3freres.com\/wp-content\/uploads\/2020\/09\/montageAD3F-150x51.png 150w\" sizes=\"(max-width: 646px) 100vw, 646px\" \/>\t\t\t\t\t\t\t\t\t\t\t\t\t\t\t<\/div>\n\t\t\t\t<\/div>\n\t\t\t\t<div class=\"elementor-element elementor-element-72ba4a4 elementor-widget elementor-widget-image\" data-id=\"72ba4a4\" data-element_type=\"widget\" data-e-type=\"widget\" data-widget_type=\"image.default\">\n\t\t\t\t<div class=\"elementor-widget-container\">\n\t\t\t\t\t\t\t\t\t\t\t\t\t\t\t<img decoding=\"async\" src=\"https:\/\/agencedes3freres.com\/wp-content\/uploads\/elementor\/thumbs\/LUX_0864-HDR_web-pd3zmnsdt4hbgx1nnwu59kn5ob8hdtfrtvappq4zr6.jpeg\" title=\"LUX_0864-HDR_web\" alt=\"fiat 500 AD3F\" loading=\"lazy\" \/>\t\t\t\t\t\t\t\t\t\t\t\t\t\t\t<\/div>\n\t\t\t\t<\/div>\n\t\t\t\t\t<\/div>\n\t\t<\/div>\n\t\t\t\t\t<\/div>\n\t\t<\/section>\n\t\t\t\t<section class=\"elementor-section elementor-top-section elementor-element elementor-element-0d66597 elementor-section-boxed elementor-section-height-default elementor-section-height-default\" data-id=\"0d66597\" data-element_type=\"section\" data-e-type=\"section\">\n\t\t\t\t\t\t<div class=\"elementor-container elementor-column-gap-default\">\n\t\t\t\t\t<div class=\"elementor-column elementor-col-100 elementor-top-column elementor-element elementor-element-482c970\" data-id=\"482c970\" data-element_type=\"column\" data-e-type=\"column\">\n\t\t\t<div class=\"elementor-widget-wrap elementor-element-populated\">\n\t\t\t\t\t\t<div class=\"elementor-element elementor-element-212a68c elementor-widget elementor-widget-image\" data-id=\"212a68c\" data-element_type=\"widget\" data-e-type=\"widget\" data-widget_type=\"image.default\">\n\t\t\t\t<div class=\"elementor-widget-container\">\n\t\t\t\t\t\t\t\t\t\t\t\t<figure class=\"wp-caption\">\n\t\t\t\t\t\t\t\t\t\t<img decoding=\"async\" width=\"768\" height=\"512\" src=\"https:\/\/agencedes3freres.com\/wp-content\/uploads\/2025\/09\/Image-logo-site-web-768x512.jpg\" class=\"attachment-medium_large size-medium_large wp-image-21708\" alt=\"\" srcset=\"https:\/\/agencedes3freres.com\/wp-content\/uploads\/2025\/09\/Image-logo-site-web-768x512.jpg 768w, https:\/\/agencedes3freres.com\/wp-content\/uploads\/2025\/09\/Image-logo-site-web-300x200.jpg 300w, https:\/\/agencedes3freres.com\/wp-content\/uploads\/2025\/09\/Image-logo-site-web-1024x683.jpg 1024w, https:\/\/agencedes3freres.com\/wp-content\/uploads\/2025\/09\/Image-logo-site-web-1536x1024.jpg 1536w, https:\/\/agencedes3freres.com\/wp-content\/uploads\/2025\/09\/Image-logo-site-web-150x100.jpg 150w, https:\/\/agencedes3freres.com\/wp-content\/uploads\/2025\/09\/Image-logo-site-web-488x326.jpg 488w, https:\/\/agencedes3freres.com\/wp-content\/uploads\/2025\/09\/Image-logo-site-web.jpg 1920w\" sizes=\"(max-width: 768px) 100vw, 768px\" \/>\t\t\t\t\t\t\t\t\t\t\t<figcaption class=\"widget-image-caption wp-caption-text\"><\/figcaption>\n\t\t\t\t\t\t\t\t\t\t<\/figure>\n\t\t\t\t\t\t\t\t\t<\/div>\n\t\t\t\t<\/div>\n\t\t\t\t\t<\/div>\n\t\t<\/div>\n\t\t\t\t\t<\/div>\n\t\t<\/section>\n\t\t\t\t<\/div>\n\t\t","protected":false},"excerpt":{"rendered":"<p>l&rsquo;Agence Eric Manseau06 63 03 64 54 Jean-Laurent Devaux06 60 83 19 73 Nous sommes deux associ\u00e9s fils et petit-fils de commer\u00e7ant de quartier, amoureux de Montmartre et des gens qui l\u2019animent c\u2019est donc naturellement que nous avons choisi le quartier des Abbesses il y a plus de 15 ans pour y installer notre agence&#8230;<\/p>\n","protected":false},"author":1,"featured_media":0,"parent":0,"menu_order":0,"comment_status":"closed","ping_status":"closed","template":"templates\/full-width.php","meta":{"footnotes":""},"class_list":["post-5094","page","type-page","status-publish","hentry"],"aioseo_notices":[],"_links":{"self":[{"href":"https:\/\/agencedes3freres.com\/wp-json\/wp\/v2\/pages\/5094","targetHints":{"allow":["GET"]}}],"collection":[{"href":"https:\/\/agencedes3freres.com\/wp-json\/wp\/v2\/pages"}],"about":[{"href":"https:\/\/agencedes3freres.com\/wp-json\/wp\/v2\/types\/page"}],"author":[{"embeddable":true,"href":"https:\/\/agencedes3freres.com\/wp-json\/wp\/v2\/users\/1"}],"replies":[{"embeddable":true,"href":"https:\/\/agencedes3freres.com\/wp-json\/wp\/v2\/comments?post=5094"}],"version-history":[{"count":35,"href":"https:\/\/agencedes3freres.com\/wp-json\/wp\/v2\/pages\/5094\/revisions"}],"predecessor-version":[{"id":21738,"href":"https:\/\/agencedes3freres.com\/wp-json\/wp\/v2\/pages\/5094\/revisions\/21738"}],"wp:attachment":[{"href":"https:\/\/agencedes3freres.com\/wp-json\/wp\/v2\/media?parent=5094"}],"curies":[{"name":"wp","href":"https:\/\/api.w.org\/{rel}","templated":true}]}}