{"id":105,"date":"2019-06-23T12:03:36","date_gmt":"2019-06-23T12:03:36","guid":{"rendered":"http:\/\/inspirythemesdemo.com\/realplaces\/?page_id=105"},"modified":"2025-09-17T14:58:58","modified_gmt":"2025-09-17T12:58:58","slug":"home","status":"publish","type":"page","link":"https:\/\/agencedes3freres.com\/","title":{"rendered":"Accueil"},"content":{"rendered":"\t\t<div data-elementor-type=\"wp-page\" data-elementor-id=\"105\" class=\"elementor elementor-105\">\n\t\t\t\t\t\t<section class=\"elementor-section elementor-top-section elementor-element elementor-element-73cd8d1 elementor-section-boxed elementor-section-height-default elementor-section-height-default\" data-id=\"73cd8d1\" data-element_type=\"section\" data-e-type=\"section\">\n\t\t\t\t\t\t<div class=\"elementor-container elementor-column-gap-default\">\n\t\t\t\t\t<div class=\"elementor-column elementor-col-33 elementor-top-column elementor-element elementor-element-c27a3b0\" data-id=\"c27a3b0\" data-element_type=\"column\" data-e-type=\"column\">\n\t\t\t<div class=\"elementor-widget-wrap elementor-element-populated\">\n\t\t\t\t\t\t<div class=\"elementor-element elementor-element-178a24d elementor-widget elementor-widget-html\" data-id=\"178a24d\" data-element_type=\"widget\" data-e-type=\"widget\" data-widget_type=\"html.default\">\n\t\t\t\t<div class=\"elementor-widget-container\">\n\t\t\t\t\t<p class=\"proxythin\" style=\"text-align:center;font-size:3em;color:#303030;\">Vous souhaitez<br \/>\n<a href=\"\/?page_id=69\/\"><span class=\"btacheter\">acheter<\/span><\/a><br \/>\nun bien ?<\/p>\t\t\t\t<\/div>\n\t\t\t\t<\/div>\n\t\t\t\t\t<\/div>\n\t\t<\/div>\n\t\t\t\t<div class=\"elementor-column elementor-col-33 elementor-top-column elementor-element elementor-element-add83b0\" data-id=\"add83b0\" data-element_type=\"column\" data-e-type=\"column\">\n\t\t\t<div class=\"elementor-widget-wrap elementor-element-populated\">\n\t\t\t\t\t\t<div class=\"elementor-element elementor-element-9647832 elementor-hidden-phone elementor-widget elementor-widget-image\" data-id=\"9647832\" data-element_type=\"widget\" data-e-type=\"widget\" data-widget_type=\"image.default\">\n\t\t\t\t<div class=\"elementor-widget-container\">\n\t\t\t\t\t\t\t\t\t\t\t\t\t\t\t<img decoding=\"async\" width=\"1\" height=\"250\" src=\"https:\/\/agencedes3freres.com\/wp-content\/uploads\/2020\/10\/sep.png\" class=\"attachment-large size-large wp-image-5103\" alt=\"\" \/>\t\t\t\t\t\t\t\t\t\t\t\t\t\t\t<\/div>\n\t\t\t\t<\/div>\n\t\t\t\t\t<\/div>\n\t\t<\/div>\n\t\t\t\t<div class=\"elementor-column elementor-col-33 elementor-top-column elementor-element elementor-element-11171dc\" data-id=\"11171dc\" data-element_type=\"column\" data-e-type=\"column\">\n\t\t\t<div class=\"elementor-widget-wrap elementor-element-populated\">\n\t\t\t\t\t\t<div class=\"elementor-element elementor-element-b253272 elementor-widget elementor-widget-html\" data-id=\"b253272\" data-element_type=\"widget\" data-e-type=\"widget\" data-widget_type=\"html.default\">\n\t\t\t\t<div class=\"elementor-widget-container\">\n\t\t\t\t\t<p style=\"text-align:center;font-size:3em;color:#303030;\" class=\"proxythin\">Vous souhaitez<br \/>\n<a href=\"\/?page_id=60\/\"><span class=\"btvendre\">vendre<\/span><\/a><br \/>\nun bien ?<\/p>\t\t\t\t<\/div>\n\t\t\t\t<\/div>\n\t\t\t\t\t<\/div>\n\t\t<\/div>\n\t\t\t\t\t<\/div>\n\t\t<\/section>\n\t\t\t\t<section class=\"elementor-section elementor-top-section elementor-element elementor-element-a401076 elementor-section-boxed elementor-section-height-default elementor-section-height-default\" data-id=\"a401076\" data-element_type=\"section\" data-e-type=\"section\">\n\t\t\t\t\t\t<div class=\"elementor-container elementor-column-gap-default\">\n\t\t\t\t\t<div class=\"elementor-column elementor-col-100 elementor-top-column elementor-element elementor-element-36d7955\" data-id=\"36d7955\" data-element_type=\"column\" data-e-type=\"column\">\n\t\t\t<div class=\"elementor-widget-wrap elementor-element-populated\">\n\t\t\t\t\t\t<div class=\"elementor-element elementor-element-6e93e8d elementor-widget elementor-widget-testimonial-carousel\" data-id=\"6e93e8d\" data-element_type=\"widget\" data-e-type=\"widget\" data-widget_type=\"testimonial-carousel.default\">\n\t\t\t\t<div class=\"elementor-widget-container\">\n\t\t\t\t\t \t\t\t\t<\/div>\n\t\t\t\t<\/div>\n\t\t\t\t<div class=\"elementor-element elementor-element-7208b6e elementor-widget elementor-widget-image\" data-id=\"7208b6e\" data-element_type=\"widget\" data-e-type=\"widget\" data-widget_type=\"image.default\">\n\t\t\t\t<div class=\"elementor-widget-container\">\n\t\t\t\t\t\t\t\t\t\t\t\t\t\t\t<img decoding=\"async\" width=\"250\" height=\"1\" src=\"https:\/\/agencedes3freres.com\/wp-content\/uploads\/2020\/10\/sep-h.png\" class=\"attachment-large size-large wp-image-5250\" alt=\"\" srcset=\"https:\/\/agencedes3freres.com\/wp-content\/uploads\/2020\/10\/sep-h.png 250w, https:\/\/agencedes3freres.com\/wp-content\/uploads\/2020\/10\/sep-h-150x1.png 150w, https:\/\/agencedes3freres.com\/wp-content\/uploads\/2020\/10\/sep-h-210x1.png 210w\" sizes=\"(max-width: 250px) 100vw, 250px\" \/>\t\t\t\t\t\t\t\t\t\t\t\t\t\t\t<\/div>\n\t\t\t\t<\/div>\n\t\t\t\t<div class=\"elementor-element elementor-element-538fdc1 elementor-widget elementor-widget-spacer\" data-id=\"538fdc1\" data-element_type=\"widget\" data-e-type=\"widget\" data-widget_type=\"spacer.default\">\n\t\t\t\t<div class=\"elementor-widget-container\">\n\t\t\t\t\t\t\t<div class=\"elementor-spacer\">\n\t\t\t<div class=\"elementor-spacer-inner\"><\/div>\n\t\t<\/div>\n\t\t\t\t\t\t<\/div>\n\t\t\t\t<\/div>\n\t\t\t\t\t<\/div>\n\t\t<\/div>\n\t\t\t\t\t<\/div>\n\t\t<\/section>\n\t\t\t\t<section class=\"elementor-section elementor-top-section elementor-element elementor-element-be0495e elementor-section-boxed elementor-section-height-default elementor-section-height-default\" data-id=\"be0495e\" data-element_type=\"section\" data-e-type=\"section\">\n\t\t\t\t\t\t<div class=\"elementor-container elementor-column-gap-default\">\n\t\t\t\t\t<div class=\"elementor-column elementor-col-100 elementor-top-column elementor-element elementor-element-4fcce82\" data-id=\"4fcce82\" data-element_type=\"column\" data-e-type=\"column\">\n\t\t\t<div class=\"elementor-widget-wrap elementor-element-populated\">\n\t\t\t\t\t\t<div class=\"elementor-element elementor-element-84d8a52 parag-home elementor-widget elementor-widget-text-editor\" data-id=\"84d8a52\" data-element_type=\"widget\" data-e-type=\"widget\" data-widget_type=\"text-editor.default\">\n\t\t\t\t<div class=\"elementor-widget-container\">\n\t\t\t\t\t\t\t\t\t<h2 style=\"font-weight: 300; color: #1c699c; text-align: center; font-family: 'ProximaNovaT-Thin'; font-size: 2.8rem;\">ESTIMATION<br>&nbsp; TRANSACTION ET CONSEIL IMMOBILIER<\/h2><h2 style=\"font-weight: 300; color: #1c699c; text-align: center; font-family: 'ProximaNovaT-Thin'; font-size: 2.8rem;\">PARIS 18<\/h2>\t\t\t\t\t\t\t\t<\/div>\n\t\t\t\t<\/div>\n\t\t\t\t<div class=\"elementor-element elementor-element-506aa9f elementor-widget elementor-widget-spacer\" data-id=\"506aa9f\" data-element_type=\"widget\" data-e-type=\"widget\" data-widget_type=\"spacer.default\">\n\t\t\t\t<div class=\"elementor-widget-container\">\n\t\t\t\t\t\t\t<div class=\"elementor-spacer\">\n\t\t\t<div class=\"elementor-spacer-inner\"><\/div>\n\t\t<\/div>\n\t\t\t\t\t\t<\/div>\n\t\t\t\t<\/div>\n\t\t\t\t<div class=\"elementor-element elementor-element-faa0063 elementor-widget elementor-widget-image\" data-id=\"faa0063\" data-element_type=\"widget\" data-e-type=\"widget\" data-widget_type=\"image.default\">\n\t\t\t\t<div class=\"elementor-widget-container\">\n\t\t\t\t\t\t\t\t\t\t\t\t\t\t\t<img decoding=\"async\" width=\"250\" height=\"1\" src=\"https:\/\/agencedes3freres.com\/wp-content\/uploads\/2020\/10\/sep-h.png\" class=\"attachment-large size-large wp-image-5250\" alt=\"\" srcset=\"https:\/\/agencedes3freres.com\/wp-content\/uploads\/2020\/10\/sep-h.png 250w, https:\/\/agencedes3freres.com\/wp-content\/uploads\/2020\/10\/sep-h-150x1.png 150w, https:\/\/agencedes3freres.com\/wp-content\/uploads\/2020\/10\/sep-h-210x1.png 210w\" sizes=\"(max-width: 250px) 100vw, 250px\" \/>\t\t\t\t\t\t\t\t\t\t\t\t\t\t\t<\/div>\n\t\t\t\t<\/div>\n\t\t\t\t\t<\/div>\n\t\t<\/div>\n\t\t\t\t\t<\/div>\n\t\t<\/section>\n\t\t\t\t<section class=\"elementor-section elementor-top-section elementor-element elementor-element-3b5c4d9 elementor-section-boxed elementor-section-height-default elementor-section-height-default\" data-id=\"3b5c4d9\" data-element_type=\"section\" data-e-type=\"section\">\n\t\t\t\t\t\t<div class=\"elementor-container elementor-column-gap-default\">\n\t\t\t\t\t<div class=\"elementor-column elementor-col-100 elementor-top-column elementor-element elementor-element-9bf684f\" data-id=\"9bf684f\" data-element_type=\"column\" data-e-type=\"column\">\n\t\t\t<div class=\"elementor-widget-wrap elementor-element-populated\">\n\t\t\t\t\t\t<div class=\"elementor-element elementor-element-67009d8 elementor-widget elementor-widget-image\" data-id=\"67009d8\" data-element_type=\"widget\" data-e-type=\"widget\" data-widget_type=\"image.default\">\n\t\t\t\t<div class=\"elementor-widget-container\">\n\t\t\t\t\t\t\t\t\t\t\t\t\t\t\t<img fetchpriority=\"high\" decoding=\"async\" width=\"300\" height=\"300\" src=\"https:\/\/agencedes3freres.com\/wp-content\/uploads\/2025\/09\/Brand_AD3F_Prim_Beige_Bleu-300x300.png\" class=\"attachment-medium size-medium wp-image-21714\" alt=\"\" srcset=\"https:\/\/agencedes3freres.com\/wp-content\/uploads\/2025\/09\/Brand_AD3F_Prim_Beige_Bleu-300x300.png 300w, https:\/\/agencedes3freres.com\/wp-content\/uploads\/2025\/09\/Brand_AD3F_Prim_Beige_Bleu-1024x1024.png 1024w, https:\/\/agencedes3freres.com\/wp-content\/uploads\/2025\/09\/Brand_AD3F_Prim_Beige_Bleu-150x150.png 150w, https:\/\/agencedes3freres.com\/wp-content\/uploads\/2025\/09\/Brand_AD3F_Prim_Beige_Bleu-768x768.png 768w, https:\/\/agencedes3freres.com\/wp-content\/uploads\/2025\/09\/Brand_AD3F_Prim_Beige_Bleu-210x210.png 210w, https:\/\/agencedes3freres.com\/wp-content\/uploads\/2025\/09\/Brand_AD3F_Prim_Beige_Bleu.png 1182w\" sizes=\"(max-width: 300px) 100vw, 300px\" \/>\t\t\t\t\t\t\t\t\t\t\t\t\t\t\t<\/div>\n\t\t\t\t<\/div>\n\t\t\t\t\t<\/div>\n\t\t<\/div>\n\t\t\t\t\t<\/div>\n\t\t<\/section>\n\t\t\t\t<\/div>\n\t\t","protected":false},"excerpt":{"rendered":"<p>Vous souhaitez acheter un bien ? Vous souhaitez vendre un bien ? \u00c9quipe sympathique, efficace, tr\u00e8s bon conseils, je conseille sans r\u00e9serve &#8230; Marie-Laure B.Nous a confi\u00e9 son bien en 2020 Quand professionnalisme rime avec convivialit\u00e9 !! Isabelle L.A fait l&rsquo;acquisition de son bien en 2019 Petite agence tr\u00e8s sp\u00e9cialis\u00e9e dans le 18\u00e8me et le&#8230;<\/p>\n","protected":false},"author":1,"featured_media":0,"parent":0,"menu_order":0,"comment_status":"closed","ping_status":"closed","template":"templates\/home.php","meta":{"footnotes":""},"class_list":["post-105","page","type-page","status-publish","hentry"],"_links":{"self":[{"href":"https:\/\/agencedes3freres.com\/wp-json\/wp\/v2\/pages\/105","targetHints":{"allow":["GET"]}}],"collection":[{"href":"https:\/\/agencedes3freres.com\/wp-json\/wp\/v2\/pages"}],"about":[{"href":"https:\/\/agencedes3freres.com\/wp-json\/wp\/v2\/types\/page"}],"author":[{"embeddable":true,"href":"https:\/\/agencedes3freres.com\/wp-json\/wp\/v2\/users\/1"}],"replies":[{"embeddable":true,"href":"https:\/\/agencedes3freres.com\/wp-json\/wp\/v2\/comments?post=105"}],"version-history":[{"count":185,"href":"https:\/\/agencedes3freres.com\/wp-json\/wp\/v2\/pages\/105\/revisions"}],"predecessor-version":[{"id":21798,"href":"https:\/\/agencedes3freres.com\/wp-json\/wp\/v2\/pages\/105\/revisions\/21798"}],"wp:attachment":[{"href":"https:\/\/agencedes3freres.com\/wp-json\/wp\/v2\/media?parent=105"}],"curies":[{"name":"wp","href":"https:\/\/api.w.org\/{rel}","templated":true}]}}